{"id":1249,"date":"2022-06-21T12:26:10","date_gmt":"2022-06-21T11:26:10","guid":{"rendered":"https:\/\/ujj3.wp03.fastdigitalws.net\/cookies-policy\/"},"modified":"2022-07-07T09:24:40","modified_gmt":"2022-07-07T08:24:40","slug":"cookies-policy","status":"publish","type":"page","link":"https:\/\/www.novarashop.com\/ru\/cookies-policy\/","title":{"rendered":"cookies policy"},"content":{"rendered":"<div class=\"fusion-fullwidth fullwidth-box fusion-builder-row-1 fusion-flex-container nonhundred-percent-fullwidth non-hundred-percent-height-scrolling\" style=\"background-color: rgba(255,255,255,0);background-position: center center;background-repeat: no-repeat;border-width: 0px 0px 0px 0px;border-color:var(--awb-color3);border-style:solid;\" ><div class=\"fusion-builder-row fusion-row fusion-flex-align-items-flex-start\" style=\"max-width:1235.52px;margin-left: calc(-4% \/ 2 );margin-right: calc(-4% \/ 2 );\"><div class=\"fusion-layout-column fusion_builder_column fusion-builder-column-0 fusion_builder_column_1_1 1_1 fusion-flex-column\"><div class=\"fusion-column-wrapper fusion-flex-justify-content-flex-start fusion-content-layout-column\" style=\"background-position:left top;background-repeat:no-repeat;-webkit-background-size:cover;-moz-background-size:cover;-o-background-size:cover;background-size:cover;padding: 0px 0px 0px 0px;\"><div class=\"fusion-text fusion-text-1\"><p>Esta p\u00e1gina web <u>www.novara.es <\/u>utiliza cookies. Las cookies son peque\u00f1os archivos de texto generados por las p\u00e1ginas web que usted visita, las cuales contienen los datos de sesi\u00f3n que pueden ser de utilidad m\u00e1s adelante en la p\u00e1gina web. Los datos permiten que la p\u00e1gina web pueda mantener su informaci\u00f3n entre las p\u00e1ginas, y tambi\u00e9n para analizar la forma de interactuar con el sitio.<\/p>\n<p><u>www.novara.es <\/u>utiliza cookies generadas y utilizadas por esta p\u00e1gina web y algunas son \u201ccookies externas\u201d que se generan en nuestra p\u00e1gina web por parte de terceros. Ellas nos permiten recordar cada parte de sus visitas y adquisiciones a medida que avanza a trav\u00e9s de la p\u00e1gina web, recuerda los datos de cliente y muestra el contenido adecuado acorde a sus h\u00e1bitos de navegaci\u00f3n, en funci\u00f3n de sus opciones seleccionadas. Tambi\u00e9n nos ayuda a entender el comportamiento del usuario dentro de nuestra web, lo que significa que podemos mejorar tu experiencia a trav\u00e9s de la misma.<\/p>\n<p>Las cookies s\u00f3lo pueden almacenar texto, por lo general siempre es an\u00f3nimo y cifrado. <u>www.novara.es <\/u>nunca almacenar\u00e1 ninguna informaci\u00f3n personal en las cookies.<\/p>\n<p>Las cookies son seguras ya que s\u00f3lo pueden almacenar la informaci\u00f3n que se puso en su lugar por el navegador, lo que es informaci\u00f3n que el usuario ha introducido en el navegador o la que se incluye en la solicitud de p\u00e1gina. No puede ejecutar el c\u00f3digo y no se puede utilizar para acceder a su ordenador. Si una p\u00e1gina web encripta la informaci\u00f3n de las cookies, s\u00f3lo la p\u00e1gina web puede leer la informaci\u00f3n.<\/p>\n<p>Las cookies de sesi\u00f3n contienen informaci\u00f3n que se utiliza dentro de su sesi\u00f3n actual del navegador. Estas cookies se borran autom\u00e1ticamente cuando usted cierra el navegador. Nada se conserva en su equipo m\u00e1s all\u00e1 del tiempo que pasa en el sitio web.<\/p>\n<p>Las cookies persistentes se utilizan para almacenar la informaci\u00f3n que se utiliza entre las visitas. Estos datos permiten a los sitios web reconocer que usted es un cliente habitual y reaccionar en consecuencia. Las cookies persistentes tienen un valor indefinido en el tiempo.<\/p>\n<p>Las cookies son utilizadas por la p\u00e1gina web para mantener la sesi\u00f3n a medida que avanza a trav\u00e9s de la web, recoge informaci\u00f3n de sus adquisiciones y h\u00e1bitos de consumo, una vez iniciada sesi\u00f3n. Se utilizan para mostrar los productos relevantes dentro de sus futuras visitas.<\/p>\n<p>Con Google y Adobe Web Analytics las cookies, nos permiten realizar un seguimiento de la interacci\u00f3n del cliente dentro de la p\u00e1gina web. Esto nos da sugerencias que nos permiten mejorar la p\u00e1gina web y los productos y servicios que ofrecemos y de sus preferencias. La aplicaci\u00f3n que utilizamos para obtener la informaci\u00f3n es GoogleAnalytics:<\/p>\n<p><a href=\"http:\/\/www.google.com\/analytics\/\">www.google.com\/analytics\/<\/a> y <a href=\"http:\/\/www.google.es\/intl\/es\/analytics\/privacyoverview.html\">http:\/\/www.google.es\/intl\/es\/analytics\/privacyoverview.html<\/a><\/p>\n<p>Esta aplicaci\u00f3n ha sido desarrollada por Google, que nos presta el servicio de an\u00e1lisis de la audiencia de nuestra p\u00e1gina. Esta empresa puede utilizar estos datos para mejorar sus propios servicios y para ofrecer servicios a otras empresas. Puedes conocer esos otros usos desde los enlaces indicados. <u>Esta herramienta no obtiene datos de los nombres o apellidos de los usuarios, ni de la direcci\u00f3n postal desde donde se conectan<\/u>. La informaci\u00f3n que obtiene est\u00e1 relacionada; con el n\u00famero de p\u00e1ginas visitadas, red social en la que se publican nuestras noticias, la ciudad a la que est\u00e1 asignada la direcci\u00f3n IP desde la que acceden los usuarios, el n\u00famero de usuarios que nos visitan, la frecuencia y asiduidad de las visitas, el tiempo de visita, el navegador que usan, el operador o tipo de terminal desde el que se realiza la visita.<\/p>\n<p>Tambi\u00e9n trabajamos con colaboradores que crean las cookies de terceros que luego son utilizadas en otros sitios web para anunciar de forma adecuada y pertinente sobre la base de su historial de navegaci\u00f3n. Estas cookies no almacenan informaci\u00f3n personal, s\u00f3lo permiten que a otros sitios web a identificar y se basan exclusivamente en el historial de navegaci\u00f3n.<\/p>\n<p><u>Todos los navegadores de Internet le permiten limitar el comportamiento de una cookie o desactivar las cookies dentro de la configuraci\u00f3n o las opciones del navegador<\/u>. Los pasos para hacerlo son diferentes para cada navegador, se pueden encontrar instrucciones en el men\u00fa de ayuda de su navegador.<\/p>\n<p>A trav\u00e9s de su navegador, usted tambi\u00e9n puede ver las cookies que est\u00e1n en su ordenador, y borrarlas seg\u00fan crea conveniente. Las cookies son archivos de texto, los puede abrir y leer el contenido. Los datos que contiene, casi siempre est\u00e1 cifrado con una clave num\u00e9rica que corresponde a una sesi\u00f3n en Internet.<\/p>\n<p>La desactivaci\u00f3n de las cookies tambi\u00e9n afectar\u00e1 el seguimiento de su progreso a trav\u00e9s del sitio, pero no detendr\u00e1 el c\u00f3digo de Google Analytics desde el reconocimiento de su visita.<\/p>\n<p>Las cookies de la sesi\u00f3n de esta web incluyen los datos utilizados por el hardware del servidor web acerca de cu\u00e1l es el servidor que est\u00e1 procesando su sesi\u00f3n, su estado de autenticaci\u00f3n (en la base de datos de clientes tienda online) y los detalles de sus compras.<\/p>\n<p><u>Deber de informaci\u00f3n: El apartado segundo del art\u00edculo 22 de la LSSI establece que se debe facilitar a los usuarios informaci\u00f3n clara y completa sobre la utilizaci\u00f3n de los dispositivos de almacenamiento y recuperaci\u00f3n de datos y, en particular, sobre los fines del tratamiento de los datos, con arreglo a lo dispuesto en la Ley Org\u00e1nica 3\/2018, de 5 de diciembre, de Protecci\u00f3n de Datos Personales y garant\u00eda de los derechos digitales y el REGLAMENTO (UE) 2016\/679 DEL PARLAMENTO EUROPEO Y DEL CONSEJO de 27 de abril de 2016 relativo a la protecci\u00f3n de las personas f\u00edsicas en lo que respecta al tratamiento de datos personales y a la libre circulaci\u00f3n de estos datos<\/u>.<\/p>\n<p>As\u00ed, la informaci\u00f3n sobre las cookies facilitada en el momento de solicitar el consentimiento debe ser suficientemente completa para permitir a los usuarios entender la finalidad para las que se instalaron y conocer los usos que se les dar\u00e1n.<\/p>\n<p><u>En el caso de que un usuario preste su consentimiento para el uso de cookies, la informaci\u00f3n sobre c\u00f3mo revocar el consentimiento y eliminar las cookies deber\u00e1 de estar a su disposici\u00f3n de forma accesible y permanente<\/u>.<\/p>\n<p>Todos los navegadores de Internet le permiten limitar el comportamiento de una cookie o desactivar las cookies dentro de la configuraci\u00f3n o las opciones del navegador. Los pasos para hacerlo son diferentes para cada navegador, se pueden encontrar instrucciones en el men\u00fa de ayuda de su navegador.<\/p>\n<h4><strong>\u00bfQU\u00c9 SON LAS COOKIES?<\/strong><\/h4>\n<p>Con el objetivo de garantizar su privacidad, le informamos que, en <u>www.novara.es<\/u> utilizamos cookies que nos permiten facilitarle el uso y navegaci\u00f3n a trav\u00e9s de la p\u00e1gina web, garantizar el acceso a determinadas funcionalidades y adicionalmente, nos ayudan a mejorar la calidad de la p\u00e1gina de acuerdo a los h\u00e1bitos y estilos de navegaci\u00f3n de los usuarios.<\/p>\n<p>Una cookie es un fichero que se descarga en su terminal (ya sea un ordenador, Smartphone o tableta) cuando accede a una p\u00e1gina web y que permite al titular de dicha p\u00e1gina almacenar o recuperar determinada informaci\u00f3n sobre m\u00faltiples variables, como por ejemplo; el n\u00famero de veces que la p\u00e1gina ha sido visitada por el usuario, identificar el usuario registrado, garantizar la sesi\u00f3n del usuario mientras navega por la p\u00e1gina, permitir que se realicen operaciones de forma segura y estable, etc.<\/p>\n<p>Como se ha indicado, las cookies ofrecen informaci\u00f3n sobre los h\u00e1bitos de navegaci\u00f3n de los usuarios y en consecuencia pueden afectar a la privacidad de los mismos, por este motivo, queremos ofrecerle la informaci\u00f3n necesaria sobre la tipolog\u00eda de cookies utilizada en nuestra p\u00e1gina web, para que usted tenga plena capacidad de decisi\u00f3n en relaci\u00f3n al uso de las mismas y en relaci\u00f3n a la protecci\u00f3n de su privacidad.<\/p>\n<p>En este sentido, se informa de que para poder utilizar la totalidad de servicios y funcionalidades de la web es necesario habilitar las cookies en el navegador de Internet. Entre las tipolog\u00edas de cookies indicadas a continuaci\u00f3n, la Web utiliza cookies con el fin de facilitar la navegaci\u00f3n. En concreto, por medio de estas cookies, y siempre que el usuario haya marcado la opci\u00f3n de \u201crecordarme\u201d, se podr\u00e1 identificar al usuario registrado cuando visite la web, permiti\u00e9ndose as\u00ed el acceso y uso a las \u00e1reas o secciones, servicios, funcionalidades y\/o promociones de la Web establecidas especialmente para este colectivo.<\/p>\n<h5><strong>TIPOLOG\u00cdA DE COOKIES<\/strong><\/h5>\n<p>A continuaci\u00f3n le ofrecemos informaci\u00f3n sobre el tipo de cookies utilizadas en <u>www.novara.es<\/u> y la finalidad de las mismas:<\/p>\n<p>-Cookies de sesi\u00f3n: son un tipo de cookies dise\u00f1adas y utilizadas para recabar y almacenar datos mientras el usuario accede a una p\u00e1gina web. Como su propio nombre indica, estas cookies se almacenan en su terminal hasta que finalice la sesi\u00f3n de navegaci\u00f3n del usuario.<\/p>\n<p>-Cookies anal\u00edticas: son un tipo de cookies dise\u00f1adas y utilizadas para el seguimiento y an\u00e1lisis del comportamiento de los usuarios. Este tipo de cookies ofrecen al titular de la p\u00e1gina la medici\u00f3n de la actividad en el sitio web a trav\u00e9s de informaci\u00f3n agregada o de car\u00e1cter estad\u00edstico. En <u>www.novara.es<\/u> se utilizan para esta finalidad, las cookies de Google Analytics que tienen distintos plazos de caducidad en funci\u00f3n de la informaci\u00f3n que ofrecen.<\/p>\n<p>As\u00ed mismo, se utilizan cookies anal\u00edticas dise\u00f1adas para analizar los comportamientos de navegaci\u00f3n del usuario y mejorar la experiencia dentro de la web. Este tipo de cookie no conserva los datos personales que el usuario pueda facilitar, \u00fanicamente, mediante mapas de calor, se analiza y monitoriza c\u00f3mo se ha navegado por la web de la compa\u00f1\u00eda, permiti\u00e9ndonos de esta forma mejorar nuestro sitio web y analizar patrones de conducta.<\/p>\n<h5><strong>\u00bfQUI\u00c9N UTILIZA LAS COOKIES?<\/strong><\/h5>\n<p>La informaci\u00f3n que se recaba a trav\u00e9s de las cookies de una p\u00e1gina web puede ser utilizada tanto por el titular de la p\u00e1gina web o como por un tercero que preste un servicio al titular. En este sentido, la informaci\u00f3n de las cookies utilizadas en <u>www.novara.es<\/u> es tratada por esta entidad como por terceros con las finalidades indicadas anteriormente.<\/p>\n<h5><strong>GESTI\u00d3N DE LAS COOKIES<\/strong><\/h5>\n<p>Teniendo en cuenta la informaci\u00f3n facilitada a trav\u00e9s de la presente Pol\u00edtica de cookies, a continuaci\u00f3n le ofrecemos informaci\u00f3n sobre c\u00f3mo puede llevar a cabo la gesti\u00f3n de las cookies utilizadas en <u>www.novara.es<\/u> a trav\u00e9s de las diferentes opciones que ofrecen los navegadores m\u00e1s comunes (Explorer, Firefox, Safari y Chrome).<\/p>\n<p>Si se impide la instalaci\u00f3n de todas las cookies de la p\u00e1gina web, algunas funcionalidades de la misma, as\u00ed como algunos contenidos pueden verse afectados.<\/p>\n<h5><strong>COMO VISUALIZAR LAS COOKIES<\/strong><\/h5>\n<p>Todos los navegadores ofrecen al usuario la posibilidad de buscar y visualizar las cookies que instala un determinado sitio web, obtener informaci\u00f3n relativa a la duraci\u00f3n de las mismas y la posibilidad de eliminarlas, tal y como se indica en el siguiente apartado. A continuaci\u00f3n, se muestran una serie de enlaces informativos sobre esta cuesti\u00f3n de los navegadores m\u00e1s utilizados:<\/p>\n<h5><strong>COMO ELIMINAR LAS COOKIES<\/strong><\/h5>\n<p>Para restringir o bloquear las cookies, usted deber\u00e1 modificar la configuraci\u00f3n del navegador que utilice en su terminal, ya sea ordenador, smartphone o tablet. Con car\u00e1cter general los navegadores ofrecen las siguientes opciones de configuraci\u00f3n en relaci\u00f3n a la instalaci\u00f3n de cookies:<\/p>\n<ul>\n<li>Que el navegador rechace todas las cookies y por lo tanto, que no se instale ninguna cookie de ninguna p\u00e1gina web en su terminal.<\/li>\n<li>Que el navegador le avise antes de que se produzca la instalaci\u00f3n de la cookie para que usted decida si acepta o no la instalaci\u00f3n de la misma.<\/li>\n<li>Que el navegador \u00fanicamente rechace las cookies de terceros de los sitios web que visita pero no las utilizadas por el sitio web por el que usted navega.<\/li>\n<li>La opci\u00f3n de navegaci\u00f3n en modo privado mediante la cual, las cookies se instalan en el terminal pero se elimina de manera autom\u00e1tica cuando finaliza la navegaci\u00f3n por la p\u00e1gina web:<\/li>\n<\/ul>\n<\/div><\/div><style type=\"text\/css\">.fusion-body .fusion-builder-column-0{width:100% !important;margin-top : 0px;margin-bottom : 20px;}.fusion-builder-column-0 > .fusion-column-wrapper {padding-top : 0px !important;padding-right : 0px !important;margin-right : 1.92%;padding-bottom : 0px !important;padding-left : 0px !important;margin-left : 1.92%;}@media only screen and (max-width:1024px) {.fusion-body .fusion-builder-column-0{width:100% !important;order : 0;}.fusion-builder-column-0 > .fusion-column-wrapper {margin-right : 1.92%;margin-left : 1.92%;}}@media only screen and (max-width:640px) {.fusion-body .fusion-builder-column-0{width:100% !important;order : 0;}.fusion-builder-column-0 > .fusion-column-wrapper {margin-right : 1.92%;margin-left : 1.92%;}}<\/style><\/div><\/div><style type=\"text\/css\">.fusion-body .fusion-flex-container.fusion-builder-row-1{ padding-top : 0px;margin-top : 0px;padding-right : 0px;padding-bottom : 0px;margin-bottom : 0px;padding-left : 0px;}<\/style><\/div>\n","protected":false},"excerpt":{"rendered":"","protected":false},"author":2,"featured_media":0,"parent":0,"menu_order":0,"comment_status":"closed","ping_status":"closed","template":"","meta":{"_coblocks_attr":"","_coblocks_dimensions":"","_coblocks_responsive_height":"","_coblocks_accordion_ie_support":"","footnotes":""},"class_list":["post-1249","page","type-page","status-publish","hentry"],"yoast_head":"<!-- This site is optimized with the Yoast SEO plugin v20.8 - https:\/\/yoast.com\/wordpress\/plugins\/seo\/ -->\n<title>cookies policy | Novara Outdoor kitchens<\/title>\n<meta name=\"robots\" content=\"noindex, follow, max-snippet:-1, max-image-preview:large, max-video-preview:-1\" \/>\n<meta property=\"og:locale\" content=\"ru_RU\" \/>\n<meta property=\"og:type\" content=\"article\" \/>\n<meta property=\"og:title\" content=\"cookies policy | Novara Outdoor kitchens\" \/>\n<meta property=\"og:url\" content=\"https:\/\/www.novarashop.com\/ru\/cookies-policy\/\" \/>\n<meta property=\"og:site_name\" content=\"Novara Outdoor kitchens\" \/>\n<meta property=\"article:modified_time\" content=\"2022-07-07T08:24:40+00:00\" \/>\n<meta name=\"twitter:card\" content=\"summary_large_image\" \/>\n<meta name=\"twitter:label1\" content=\"\u041f\u0440\u0438\u043c\u0435\u0440\u043d\u043e\u0435 \u0432\u0440\u0435\u043c\u044f \u0434\u043b\u044f \u0447\u0442\u0435\u043d\u0438\u044f\" \/>\n\t<meta name=\"twitter:data1\" content=\"14 \u043c\u0438\u043d\u0443\u0442\" \/>\n<script type=\"application\/ld+json\" class=\"yoast-schema-graph\">{\"@context\":\"https:\/\/schema.org\",\"@graph\":[{\"@type\":\"WebPage\",\"@id\":\"https:\/\/www.novarashop.com\/ru\/cookies-policy\/\",\"url\":\"https:\/\/www.novarashop.com\/ru\/cookies-policy\/\",\"name\":\"cookies policy | Novara Outdoor kitchens\",\"isPartOf\":{\"@id\":\"https:\/\/www.novarashop.com\/ru\/#website\"},\"datePublished\":\"2022-06-21T11:26:10+00:00\",\"dateModified\":\"2022-07-07T08:24:40+00:00\",\"breadcrumb\":{\"@id\":\"https:\/\/www.novarashop.com\/ru\/cookies-policy\/#breadcrumb\"},\"inLanguage\":\"ru-RU\",\"potentialAction\":[{\"@type\":\"ReadAction\",\"target\":[\"https:\/\/www.novarashop.com\/ru\/cookies-policy\/\"]}]},{\"@type\":\"BreadcrumbList\",\"@id\":\"https:\/\/www.novarashop.com\/ru\/cookies-policy\/#breadcrumb\",\"itemListElement\":[{\"@type\":\"ListItem\",\"position\":1,\"name\":\"Home\",\"item\":\"https:\/\/www.novarashop.com\/ru\/\"},{\"@type\":\"ListItem\",\"position\":2,\"name\":\"cookies policy\"}]},{\"@type\":\"WebSite\",\"@id\":\"https:\/\/www.novarashop.com\/ru\/#website\",\"url\":\"https:\/\/www.novarashop.com\/ru\/\",\"name\":\"Novara Outdoor kitchens\",\"description\":\"Outdoor kitchens\",\"publisher\":{\"@id\":\"https:\/\/www.novarashop.com\/ru\/#organization\"},\"potentialAction\":[{\"@type\":\"SearchAction\",\"target\":{\"@type\":\"EntryPoint\",\"urlTemplate\":\"https:\/\/www.novarashop.com\/ru\/?s={search_term_string}\"},\"query-input\":\"required name=search_term_string\"}],\"inLanguage\":\"ru-RU\"},{\"@type\":\"Organization\",\"@id\":\"https:\/\/www.novarashop.com\/ru\/#organization\",\"name\":\"Novara Outdoor Kitchen\",\"url\":\"https:\/\/www.novarashop.com\/ru\/\",\"logo\":{\"@type\":\"ImageObject\",\"inLanguage\":\"ru-RU\",\"@id\":\"https:\/\/www.novarashop.com\/ru\/#\/schema\/logo\/image\/\",\"url\":\"https:\/\/www.novarashop.com\/wp-content\/uploads\/2022\/06\/LOGO-CONTORNS-NOVARA-GRIS@2x.png\",\"contentUrl\":\"https:\/\/www.novarashop.com\/wp-content\/uploads\/2022\/06\/LOGO-CONTORNS-NOVARA-GRIS@2x.png\",\"width\":278,\"height\":54,\"caption\":\"Novara Outdoor Kitchen\"},\"image\":{\"@id\":\"https:\/\/www.novarashop.com\/ru\/#\/schema\/logo\/image\/\"}}]}<\/script>\n<!-- \/ Yoast SEO plugin. -->","yoast_head_json":{"title":"cookies policy | Novara Outdoor kitchens","robots":{"index":"noindex","follow":"follow","max-snippet":"max-snippet:-1","max-image-preview":"max-image-preview:large","max-video-preview":"max-video-preview:-1"},"og_locale":"ru_RU","og_type":"article","og_title":"cookies policy | Novara Outdoor kitchens","og_url":"https:\/\/www.novarashop.com\/ru\/cookies-policy\/","og_site_name":"Novara Outdoor kitchens","article_modified_time":"2022-07-07T08:24:40+00:00","twitter_card":"summary_large_image","twitter_misc":{"\u041f\u0440\u0438\u043c\u0435\u0440\u043d\u043e\u0435 \u0432\u0440\u0435\u043c\u044f \u0434\u043b\u044f \u0447\u0442\u0435\u043d\u0438\u044f":"14 \u043c\u0438\u043d\u0443\u0442"},"schema":{"@context":"https:\/\/schema.org","@graph":[{"@type":"WebPage","@id":"https:\/\/www.novarashop.com\/ru\/cookies-policy\/","url":"https:\/\/www.novarashop.com\/ru\/cookies-policy\/","name":"cookies policy | Novara Outdoor kitchens","isPartOf":{"@id":"https:\/\/www.novarashop.com\/ru\/#website"},"datePublished":"2022-06-21T11:26:10+00:00","dateModified":"2022-07-07T08:24:40+00:00","breadcrumb":{"@id":"https:\/\/www.novarashop.com\/ru\/cookies-policy\/#breadcrumb"},"inLanguage":"ru-RU","potentialAction":[{"@type":"ReadAction","target":["https:\/\/www.novarashop.com\/ru\/cookies-policy\/"]}]},{"@type":"BreadcrumbList","@id":"https:\/\/www.novarashop.com\/ru\/cookies-policy\/#breadcrumb","itemListElement":[{"@type":"ListItem","position":1,"name":"Home","item":"https:\/\/www.novarashop.com\/ru\/"},{"@type":"ListItem","position":2,"name":"cookies policy"}]},{"@type":"WebSite","@id":"https:\/\/www.novarashop.com\/ru\/#website","url":"https:\/\/www.novarashop.com\/ru\/","name":"Novara Outdoor kitchens","description":"Outdoor kitchens","publisher":{"@id":"https:\/\/www.novarashop.com\/ru\/#organization"},"potentialAction":[{"@type":"SearchAction","target":{"@type":"EntryPoint","urlTemplate":"https:\/\/www.novarashop.com\/ru\/?s={search_term_string}"},"query-input":"required name=search_term_string"}],"inLanguage":"ru-RU"},{"@type":"Organization","@id":"https:\/\/www.novarashop.com\/ru\/#organization","name":"Novara Outdoor Kitchen","url":"https:\/\/www.novarashop.com\/ru\/","logo":{"@type":"ImageObject","inLanguage":"ru-RU","@id":"https:\/\/www.novarashop.com\/ru\/#\/schema\/logo\/image\/","url":"https:\/\/www.novarashop.com\/wp-content\/uploads\/2022\/06\/LOGO-CONTORNS-NOVARA-GRIS@2x.png","contentUrl":"https:\/\/www.novarashop.com\/wp-content\/uploads\/2022\/06\/LOGO-CONTORNS-NOVARA-GRIS@2x.png","width":278,"height":54,"caption":"Novara Outdoor Kitchen"},"image":{"@id":"https:\/\/www.novarashop.com\/ru\/#\/schema\/logo\/image\/"}}]}},"_links":{"self":[{"href":"https:\/\/www.novarashop.com\/ru\/wp-json\/wp\/v2\/pages\/1249","targetHints":{"allow":["GET"]}}],"collection":[{"href":"https:\/\/www.novarashop.com\/ru\/wp-json\/wp\/v2\/pages"}],"about":[{"href":"https:\/\/www.novarashop.com\/ru\/wp-json\/wp\/v2\/types\/page"}],"author":[{"embeddable":true,"href":"https:\/\/www.novarashop.com\/ru\/wp-json\/wp\/v2\/users\/2"}],"replies":[{"embeddable":true,"href":"https:\/\/www.novarashop.com\/ru\/wp-json\/wp\/v2\/comments?post=1249"}],"version-history":[{"count":2,"href":"https:\/\/www.novarashop.com\/ru\/wp-json\/wp\/v2\/pages\/1249\/revisions"}],"predecessor-version":[{"id":1251,"href":"https:\/\/www.novarashop.com\/ru\/wp-json\/wp\/v2\/pages\/1249\/revisions\/1251"}],"wp:attachment":[{"href":"https:\/\/www.novarashop.com\/ru\/wp-json\/wp\/v2\/media?parent=1249"}],"curies":[{"name":"wp","href":"https:\/\/api.w.org\/{rel}","templated":true}]}}